{"id":154,"date":"2020-01-16T13:20:03","date_gmt":"2020-01-16T02:20:03","guid":{"rendered":"https:\/\/quantifyapp.com\/?page_id=154"},"modified":"2020-07-19T18:53:46","modified_gmt":"2020-07-19T08:53:46","slug":"vorgeschlagene-gewohnheithen","status":"publish","type":"page","link":"https:\/\/quantifyapp.com\/index.php\/vorgeschlagene-gewohnheithen\/","title":{"rendered":"Gewohnheit antippen &#8211; Los get&#8217;s"},"content":{"rendered":"\n<p>Antippen um zur Habits App hinzuzuf\u00fcgen.<\/p>\n\n\n\n<h2 class=\"wp-block-heading\">\ud83e\uddd8\u200d\u2640\ufe0f <a href=\"https:\/\/habittracker.page.link\/Meditate_DE\">Meditieren<\/a><\/h2>\n\n\n\n<p>Meditiere in der Mittagspause und f\u00fchle dich entspannt.<\/p>\n\n\n\n<h2 class=\"wp-block-heading\">\ud83d\udc8a <a href=\"https:\/\/habittracker.page.link\/Vitamins_DE\">Vitamine<\/a><\/h2>\n\n\n\n<p>Vor dem Fr\u00fchst\u00fcck Vitamine nehmen und dann tief einatmen.<\/p>\n\n\n\n<h2 class=\"wp-block-heading\">\ud83d\ude01 <a href=\"https:\/\/habittracker.page.link\/BrushTeeth_DE\">Z\u00e4hne putzen<\/a><\/h2>\n\n\n\n<p>Bevor Bett die Z\u00e4hne putzen und dann sch\u00f6n sauber f\u00fchlen.<\/p>\n\n\n\n<h2 class=\"wp-block-heading\">\ud83d\udc5f <a href=\"https:\/\/habittracker.page.link\/Run_de\">Laufen<\/a><\/h2>\n\n\n\n<p>10 Minute laufen vor dem Fr\u00fchst\u00fcck und dann die Beine sp\u00fcren.<\/p>\n\n\n\n<h2 class=\"wp-block-heading\">\ud83d\udc50 <a href=\"https:\/\/habittracker.page.link\/TjKHd5HooAB5c7Bw7\">H\u00e4nde waschen<\/a><\/h2>\n\n\n\n<p>H\u00e4nde waschen nach anfassen, then F\u00fchle mich sauber und sicher<\/p>\n\n\n\n<h2 class=\"wp-block-heading\">\ud83c\udf4f <a href=\"https:\/\/habittracker.page.link\/Apple_DE\">Apfel essen<\/a><\/h2>\n\n\n\n<p>Apfel essen vor dem Mittagessen und dann gesund f\u00fchlen.<\/p>\n\n\n\n<h2 class=\"wp-block-heading\"><a href=\"https:\/\/habittracker.page.link\/Workout_DE\">Trainieren<\/a><\/h2>\n\n\n\n<p>Trainiere nach der Arbeit und dann einen Protein-Shake<\/p>\n\n\n\n<h2 class=\"wp-block-heading\">\ud83d\udc5f <a href=\"https:\/\/habittracker.page.link\/Walk_DE\">Gehen<\/a><\/h2>\n\n\n\n<p>Gehe schnell 20 Minuten in the Mittagspause und f\u00fchle dich erholt.<\/p>\n\n\n\n<h2 class=\"wp-block-heading\">&nbsp;\ud83d\udcaa <a href=\"https:\/\/habittracker.page.link\/Gym_DE\">Gym<\/a><\/h2>\n\n\n\n<p>Nach der Arbeit zur Gym und danach ersch\u00f6pft f\u00fchlen.<\/p>\n\n\n\n<h2 class=\"wp-block-heading\">\ud83d\udcd6  <a href=\"https:\/\/habittracker.page.link\/Read_DE\">Lesen<\/a><\/h2>\n\n\n\n<p>20 Minuten lesen vor dem Einschlafen und dann m\u00fcde sein.<\/p>\n\n\n\n<h2 class=\"wp-block-heading\">\ud83e\uddd8\u200d\u2640\ufe0f <a href=\"https:\/\/habittracker.page.link\/YogaF_DE\">Yoga<\/a><\/h2>\n\n\n\n<p>Yoga nach dem Aufstehen und dann eine Tasse Tee.<\/p>\n\n\n\n<h2 class=\"wp-block-heading\">\ud83e\uddd8\ud83c\udffb\u200d\u2642\ufe0f <a href=\"https:\/\/habittracker.page.link\/YogaM_DE\">Yoga<\/a><\/h2>\n\n\n\n<p>Yoga nach dem Aufstehen und dann eine Tasse Tee. (Anderes Emoji)<\/p>\n\n\n\n<h2 class=\"wp-block-heading\">\ud83d\udcd3 <a href=\"https:\/\/habittracker.page.link\/Journal_DE\">Tagebuch<\/a><\/h2>\n\n\n\n<p>Nach Abendessen 10 Minuten Tagebuch f\u00fchren und dann Zeit mit Partner verbringen.&nbsp;<\/p>\n\n\n\n<h2 class=\"wp-block-heading\">\u2615\ufe0f&nbsp; <a href=\"https:\/\/habittracker.page.link\/NoSugar_DE\">Kein Zucker<\/a><\/h2>\n\n\n\n<p>Auf Zucker im Kaffee verzichten und dann ein Glas Wasser trinken.<\/p>\n","protected":false},"excerpt":{"rendered":"<p>Antippen um zur Habits App hinzuzuf\u00fcgen. \ud83e\uddd8\u200d\u2640\ufe0f Meditieren Meditiere in der Mittagspause und f\u00fchle dich entspannt. \ud83d\udc8a Vitamine Vor dem Fr\u00fchst\u00fcck Vitamine nehmen und dann tief einatmen. \ud83d\ude01 Z\u00e4hne putzen Bevor Bett die Z\u00e4hne putzen und dann sch\u00f6n sauber f\u00fchlen. \ud83d\udc5f Laufen 10 Minute laufen vor dem Fr\u00fchst\u00fcck und dann die Beine sp\u00fcren. \ud83d\udc50 H\u00e4nde<a class=\"more-link\" href=\"https:\/\/quantifyapp.com\/index.php\/vorgeschlagene-gewohnheithen\/\">Read more<\/a><\/p>\n","protected":false},"author":1,"featured_media":0,"parent":0,"menu_order":0,"comment_status":"closed","ping_status":"closed","template":"","meta":{"_monsterinsights_skip_tracking":false,"_monsterinsights_sitenote_active":false,"_monsterinsights_sitenote_note":"","_monsterinsights_sitenote_category":0,"footnotes":""},"_links":{"self":[{"href":"https:\/\/quantifyapp.com\/index.php\/wp-json\/wp\/v2\/pages\/154"}],"collection":[{"href":"https:\/\/quantifyapp.com\/index.php\/wp-json\/wp\/v2\/pages"}],"about":[{"href":"https:\/\/quantifyapp.com\/index.php\/wp-json\/wp\/v2\/types\/page"}],"author":[{"embeddable":true,"href":"https:\/\/quantifyapp.com\/index.php\/wp-json\/wp\/v2\/users\/1"}],"replies":[{"embeddable":true,"href":"https:\/\/quantifyapp.com\/index.php\/wp-json\/wp\/v2\/comments?post=154"}],"version-history":[{"count":9,"href":"https:\/\/quantifyapp.com\/index.php\/wp-json\/wp\/v2\/pages\/154\/revisions"}],"predecessor-version":[{"id":188,"href":"https:\/\/quantifyapp.com\/index.php\/wp-json\/wp\/v2\/pages\/154\/revisions\/188"}],"wp:attachment":[{"href":"https:\/\/quantifyapp.com\/index.php\/wp-json\/wp\/v2\/media?parent=154"}],"curies":[{"name":"wp","href":"https:\/\/api.w.org\/{rel}","templated":true}]}}